{"id":238,"date":"2021-01-18T15:01:57","date_gmt":"2021-01-18T15:01:57","guid":{"rendered":"https:\/\/turra.com.pt\/?page_id=238"},"modified":"2021-05-03T16:16:38","modified_gmt":"2021-05-03T16:16:38","slug":"processo","status":"publish","type":"page","link":"https:\/\/turra.com.pt\/pt\/processo\/","title":{"rendered":"Our Story"},"content":{"rendered":"\t\t<div data-elementor-type=\"wp-page\" data-elementor-id=\"238\" class=\"elementor elementor-238\">\n\t\t\t\t\t\t<section class=\"elementor-section elementor-top-section elementor-element elementor-element-dec9f14 elementor-section-content-middle elementor-section-stretched elementor-section-boxed elementor-section-height-default elementor-section-height-default\" data-id=\"dec9f14\" data-element_type=\"section\" data-settings=\"{&quot;background_background&quot;:&quot;classic&quot;,&quot;stretch_section&quot;:&quot;section-stretched&quot;}\">\n\t\t\t\t\t\t\t<div class=\"elementor-background-overlay\"><\/div>\n\t\t\t\t\t\t\t<div class=\"elementor-container elementor-column-gap-no\">\n\t\t\t\t\t<div class=\"aux-parallax-section elementor-column elementor-col-100 elementor-top-column elementor-element elementor-element-14db921\" data-id=\"14db921\" data-element_type=\"column\" data-settings=\"{&quot;background_background&quot;:&quot;classic&quot;}\">\n\t\t\t<div class=\"elementor-widget-wrap elementor-element-populated\">\n\t\t\t\t\t\t<section class=\"elementor-section elementor-inner-section elementor-element elementor-element-8dffe16 elementor-section-boxed elementor-section-height-default elementor-section-height-default\" data-id=\"8dffe16\" data-element_type=\"section\">\n\t\t\t\t\t\t<div class=\"elementor-container elementor-column-gap-default\">\n\t\t\t\t\t<div class=\"aux-parallax-section elementor-column elementor-col-100 elementor-inner-column elementor-element elementor-element-82d310e\" data-id=\"82d310e\" data-element_type=\"column\" data-settings=\"{&quot;background_background&quot;:&quot;classic&quot;}\">\n\t\t\t<div class=\"elementor-widget-wrap elementor-element-populated\">\n\t\t\t\t\t\t<div class=\"elementor-element elementor-element-26ab8dc elementor-widget elementor-widget-heading\" data-id=\"26ab8dc\" data-element_type=\"widget\" data-widget_type=\"heading.default\">\n\t\t\t\t<div class=\"elementor-widget-container\">\n\t\t\t\t\t<h2 class=\"elementor-heading-title elementor-size-default\">A NOSSA HIST\u00d3RIA<\/h2>\t\t\t\t<\/div>\n\t\t\t\t<\/div>\n\t\t\t\t<div class=\"elementor-element elementor-element-287691c elementor-widget elementor-widget-text-editor\" data-id=\"287691c\" data-element_type=\"widget\" data-widget_type=\"text-editor.default\">\n\t\t\t\t<div class=\"elementor-widget-container\">\n\t\t\t\t\t\t\t\t\tTurra &#038; Fonte da Cobra foram duas marcas que nasceram da dedica\u00e7\u00e3o e empenho de dois jovens combinado com uma cultura de vinha e vinho presente no ADN de ambos. Ap\u00f3s mais de 30 anos de experi\u00eancia na produ\u00e7\u00e3o de Vinho Verde, estas marcas foram lan\u00e7adas em 2017 como uma nova gera\u00e7\u00e3o de vinhos verdes tendo uma personalidade \u00fanica e fresca. Desde a produ\u00e7\u00e3o da uva \u00e0 garrafa, tudo nas nossas marcas \u00e9 pensado ao detalhe de forma a proporcionar aos nossos consumidores uma experi\u00eancia \u00fanica, inesquec\u00edvel e com vontade de repetir.\t\t\t\t\t\t\t\t<\/div>\n\t\t\t\t<\/div>\n\t\t\t\t\t<\/div>\n\t\t<\/div>\n\t\t\t\t\t<\/div>\n\t\t<\/section>\n\t\t\t\t<section class=\"elementor-section elementor-inner-section elementor-element elementor-element-aab1b0e elementor-section-boxed elementor-section-height-default elementor-section-height-default\" data-id=\"aab1b0e\" data-element_type=\"section\">\n\t\t\t\t\t\t<div class=\"elementor-container elementor-column-gap-default\">\n\t\t\t\t\t<div class=\"aux-parallax-section elementor-column elementor-col-100 elementor-inner-column elementor-element elementor-element-268eb3c\" data-id=\"268eb3c\" data-element_type=\"column\">\n\t\t\t<div class=\"elementor-widget-wrap\">\n\t\t\t\t\t\t\t<\/div>\n\t\t<\/div>\n\t\t\t\t\t<\/div>\n\t\t<\/section>\n\t\t\t\t\t<\/div>\n\t\t<\/div>\n\t\t\t\t\t<\/div>\n\t\t<\/section>\n\t\t\t\t<\/div>\n\t\t","protected":false},"excerpt":{"rendered":"<p>A NOSSA HIST\u00d3RIA Turra &#038; Fonte da Cobra foram duas marcas que nasceram da dedica\u00e7\u00e3o e empenho de dois jovens combinado com uma cultura de vinha e vinho presente no ADN de ambos. Ap\u00f3s mais de 30 anos de experi\u00eancia na produ\u00e7\u00e3o de Vinho Verde, estas marcas foram lan\u00e7adas em 2017 como uma nova gera\u00e7\u00e3o [&hellip;]<\/p>\n","protected":false},"author":1,"featured_media":0,"parent":0,"menu_order":0,"comment_status":"closed","ping_status":"closed","template":"","meta":{"footnotes":""},"class_list":["post-238","page","type-page","status-publish","hentry"],"_links":{"self":[{"href":"https:\/\/turra.com.pt\/pt\/wp-json\/wp\/v2\/pages\/238","targetHints":{"allow":["GET"]}}],"collection":[{"href":"https:\/\/turra.com.pt\/pt\/wp-json\/wp\/v2\/pages"}],"about":[{"href":"https:\/\/turra.com.pt\/pt\/wp-json\/wp\/v2\/types\/page"}],"author":[{"embeddable":true,"href":"https:\/\/turra.com.pt\/pt\/wp-json\/wp\/v2\/users\/1"}],"replies":[{"embeddable":true,"href":"https:\/\/turra.com.pt\/pt\/wp-json\/wp\/v2\/comments?post=238"}],"version-history":[{"count":35,"href":"https:\/\/turra.com.pt\/pt\/wp-json\/wp\/v2\/pages\/238\/revisions"}],"predecessor-version":[{"id":1093,"href":"https:\/\/turra.com.pt\/pt\/wp-json\/wp\/v2\/pages\/238\/revisions\/1093"}],"wp:attachment":[{"href":"https:\/\/turra.com.pt\/pt\/wp-json\/wp\/v2\/media?parent=238"}],"curies":[{"name":"wp","href":"https:\/\/api.w.org\/{rel}","templated":true}]}}