{"id":232,"date":"2021-01-18T15:00:44","date_gmt":"2021-01-18T15:00:44","guid":{"rendered":"https:\/\/turra.com.pt\/?page_id=232"},"modified":"2021-04-14T06:45:32","modified_gmt":"2021-04-14T06:45:32","slug":"regiao","status":"publish","type":"page","link":"https:\/\/turra.com.pt\/pt\/regiao\/","title":{"rendered":"Regi\u00e3o"},"content":{"rendered":"\t\t<div data-elementor-type=\"wp-page\" data-elementor-id=\"232\" class=\"elementor elementor-232\">\n\t\t\t\t\t\t<section class=\"elementor-section elementor-top-section elementor-element elementor-element-b5e20dd elementor-section-content-middle elementor-section-stretched elementor-section-boxed elementor-section-height-default elementor-section-height-default\" data-id=\"b5e20dd\" data-element_type=\"section\" data-settings=\"{&quot;background_background&quot;:&quot;classic&quot;,&quot;stretch_section&quot;:&quot;section-stretched&quot;}\">\n\t\t\t\t\t\t\t<div class=\"elementor-background-overlay\"><\/div>\n\t\t\t\t\t\t\t<div class=\"elementor-container elementor-column-gap-no\">\n\t\t\t\t\t<div class=\"aux-parallax-section elementor-column elementor-col-100 elementor-top-column elementor-element elementor-element-3bd7cfd\" data-id=\"3bd7cfd\" data-element_type=\"column\">\n\t\t\t<div class=\"elementor-widget-wrap elementor-element-populated\">\n\t\t\t\t\t\t<section class=\"elementor-section elementor-inner-section elementor-element elementor-element-882574f elementor-section-boxed elementor-section-height-default elementor-section-height-default\" data-id=\"882574f\" data-element_type=\"section\">\n\t\t\t\t\t\t<div class=\"elementor-container elementor-column-gap-default\">\n\t\t\t\t\t<div class=\"aux-parallax-section elementor-column elementor-col-50 elementor-inner-column elementor-element elementor-element-4395d28\" data-id=\"4395d28\" data-element_type=\"column\" data-settings=\"{&quot;background_background&quot;:&quot;classic&quot;}\">\n\t\t\t<div class=\"elementor-widget-wrap elementor-element-populated\">\n\t\t\t\t\t\t<div class=\"elementor-element elementor-element-2f3f236 elementor-widget elementor-widget-heading\" data-id=\"2f3f236\" data-element_type=\"widget\" data-widget_type=\"heading.default\">\n\t\t\t\t<div class=\"elementor-widget-container\">\n\t\t\t\t\t<h2 class=\"elementor-heading-title elementor-size-default\">Regi\u00e3o<\/h2>\t\t\t\t<\/div>\n\t\t\t\t<\/div>\n\t\t\t\t<div class=\"elementor-element elementor-element-5c0ddb4 elementor-widget elementor-widget-text-editor\" data-id=\"5c0ddb4\" data-element_type=\"widget\" data-widget_type=\"text-editor.default\">\n\t\t\t\t<div class=\"elementor-widget-container\">\n\t\t\t\t\t\t\t\t\tAs mais antigas refer\u00eancias hist\u00f3ricas que se conhecem da exist\u00eancia de vinho no que hoje \u00e9 a Regi\u00e3o dos Vinhos Verdes s\u00e3o dos romanos S\u00e9neca (fil\u00f3sofo) e Pl\u00ednio (naturalista) e da legisla\u00e7\u00e3o de Dominiciano, nos anos 96-51 a.C.. Foi no noroeste, no cora\u00e7\u00e3o mais povoado de Portugal desde os tempos da alta idade m\u00e9dia, que a densa popula\u00e7\u00e3o cedo se espalhou pelas leiras de uma terra muito retalhada. A partir do s\u00e9culo XII existem j\u00e1 muitas refer\u00eancias \u00e0 cultura da vinha, cujo incremento partiu da iniciativa das corpora\u00e7\u00f5es religiosas a par da contribui\u00e7\u00e3o decisiva da Coroa Portuguesa. A viticultura ter\u00e1 permanecido incipiente at\u00e9 aos s\u00e9culos XII-XIII, altura em que o vinho entrou definitivamente nos h\u00e1bitos das popula\u00e7\u00f5es do Entre-Douro-e-Minho. A pr\u00f3pria expans\u00e3o demogr\u00e1fica e econ\u00f3mica, a intensifica\u00e7\u00e3o da mercantiliza\u00e7\u00e3o da agricultura e a crescente circula\u00e7\u00e3o de moeda, fizeram do vinho uma importante e indispens\u00e1vel fonte de rendimento. Embora a sua exporta\u00e7\u00e3o fosse ainda muito limitada, a hist\u00f3ria revela-nos que ter\u00e3o sido os Vinhos Verdes os primeiros vinhos portugueses conhecidos nos mercados europeus (Inglaterra, Flandres e Alemanha), principalmente os das regi\u00f5es de Mon\u00e7\u00e3o e Melga\u00e7o e da Ribeira de Lima. A orienta\u00e7\u00e3o para a qualidade e a regulamenta\u00e7\u00e3o da produ\u00e7\u00e3o e com\u00e9rcio do Vinho Verde surgiriam no in\u00edcio do s\u00e9culo XX, tendo a Carta de Lei de 18 de Setembro de 1908 e o Decreto de 1 de Outubro do mesmo ano, demarcado pela primeira vez a Regi\u00e3o dos Vinhos Verdes.\t\t\t\t\t\t\t\t<\/div>\n\t\t\t\t<\/div>\n\t\t\t\t\t<\/div>\n\t\t<\/div>\n\t\t\t\t<div class=\"aux-parallax-section elementor-column elementor-col-50 elementor-inner-column elementor-element elementor-element-4b87036\" data-id=\"4b87036\" data-element_type=\"column\">\n\t\t\t<div class=\"elementor-widget-wrap elementor-element-populated\">\n\t\t\t\t\t\t<div class=\"elementor-element elementor-element-1dfc164 elementor-widget elementor-widget-image\" data-id=\"1dfc164\" data-element_type=\"widget\" data-widget_type=\"image.default\">\n\t\t\t\t<div class=\"elementor-widget-container\">\n\t\t\t\t\t\t\t\t\t\t\t\t\t\t\t<img fetchpriority=\"high\" decoding=\"async\" width=\"537\" height=\"571\" src=\"https:\/\/turra.com.pt\/wp-content\/uploads\/2021\/04\/map.jpg\" class=\"attachment-large size-large wp-image-1083\" alt=\"\" srcset=\"https:\/\/turra.com.pt\/wp-content\/uploads\/2021\/04\/map.jpg 537w, https:\/\/turra.com.pt\/wp-content\/uploads\/2021\/04\/map-11x12.jpg 11w\" sizes=\"(max-width: 537px) 100vw, 537px\" \/>\t\t\t\t\t\t\t\t\t\t\t\t\t\t\t<\/div>\n\t\t\t\t<\/div>\n\t\t\t\t\t<\/div>\n\t\t<\/div>\n\t\t\t\t\t<\/div>\n\t\t<\/section>\n\t\t\t\t<section class=\"elementor-section elementor-inner-section elementor-element elementor-element-cc52895 elementor-section-boxed elementor-section-height-default elementor-section-height-default\" data-id=\"cc52895\" data-element_type=\"section\">\n\t\t\t\t\t\t<div class=\"elementor-container elementor-column-gap-default\">\n\t\t\t\t\t<div class=\"aux-parallax-section elementor-column elementor-col-100 elementor-inner-column elementor-element elementor-element-d18f225\" data-id=\"d18f225\" data-element_type=\"column\">\n\t\t\t<div class=\"elementor-widget-wrap elementor-element-populated\">\n\t\t\t\t\t\t<div class=\"elementor-element elementor-element-cde211d elementor-widget elementor-widget-heading\" data-id=\"cde211d\" data-element_type=\"widget\" data-widget_type=\"heading.default\">\n\t\t\t\t<div class=\"elementor-widget-container\">\n\t\t\t\t\t<h2 class=\"elementor-heading-title elementor-size-default\">SUB-REGI\u00c3O DE BASTO<\/h2>\t\t\t\t<\/div>\n\t\t\t\t<\/div>\n\t\t\t\t<div class=\"elementor-element elementor-element-ffc31a4 elementor-widget elementor-widget-text-editor\" data-id=\"ffc31a4\" data-element_type=\"widget\" data-widget_type=\"text-editor.default\">\n\t\t\t\t<div class=\"elementor-widget-container\">\n\t\t\t\t\t\t\t\t\tA sub-regi\u00e3o de Basto \u00e9 a mais interior da Regi\u00e3o, encontrando-se a uma altitude m\u00e9dia elevada, estando por isso resguardada dos ventos mar\u00edtimos. O clima \u00e9 mais agreste, Inverno frio e muito chuvoso (\u00e0 parte do vale do Lima \u00e9 onde mais chove em toda a Regi\u00e3o) e o Ver\u00e3o bastante quente e seco, favorecendo castas de matura\u00e7\u00e3o tardia como \u00e9 o Azal (branca), o Espadeiro e o Rabo-de-Anho (tintas). \u00c9 nesta zona que a casta Azal atinge o seu m\u00e1ximo potencial e permite obter vinhos muito particulares, com aroma a lim\u00e3o e ma\u00e7\u00e3 verde, muito frescos. Existe ainda uma consider\u00e1vel produ\u00e7\u00e3o de Vinhos Verdes tintos que apresentam muita vinosidade e uma boca cheia e fresca.\t\t\t\t\t\t\t\t<\/div>\n\t\t\t\t<\/div>\n\t\t\t\t\t<\/div>\n\t\t<\/div>\n\t\t\t\t\t<\/div>\n\t\t<\/section>\n\t\t\t\t<div class=\"elementor-element elementor-element-333a1bf elementor-widget elementor-widget-image\" data-id=\"333a1bf\" data-element_type=\"widget\" data-widget_type=\"image.default\">\n\t\t\t\t<div class=\"elementor-widget-container\">\n\t\t\t\t\t\t\t\t\t\t\t\t\t\t\t<img decoding=\"async\" width=\"1\" height=\"1\" src=\"https:\/\/turra.com.pt\/wp-content\/uploads\/2020\/08\/Group-11.svg\" class=\"attachment-large size-large wp-image-8\" alt=\"\" \/>\t\t\t\t\t\t\t\t\t\t\t\t\t\t\t<\/div>\n\t\t\t\t<\/div>\n\t\t\t\t\t<\/div>\n\t\t<\/div>\n\t\t\t\t\t<\/div>\n\t\t<\/section>\n\t\t\t\t<\/div>\n\t\t","protected":false},"excerpt":{"rendered":"<p>Regi\u00e3o As mais antigas refer\u00eancias hist\u00f3ricas que se conhecem da exist\u00eancia de vinho no que hoje \u00e9 a Regi\u00e3o dos Vinhos Verdes s\u00e3o dos romanos S\u00e9neca (fil\u00f3sofo) e Pl\u00ednio (naturalista) e da legisla\u00e7\u00e3o de Dominiciano, nos anos 96-51 a.C.. Foi no noroeste, no cora\u00e7\u00e3o mais povoado de Portugal desde os tempos da alta idade m\u00e9dia, [&hellip;]<\/p>\n","protected":false},"author":1,"featured_media":0,"parent":0,"menu_order":0,"comment_status":"closed","ping_status":"closed","template":"","meta":{"footnotes":""},"class_list":["post-232","page","type-page","status-publish","hentry"],"_links":{"self":[{"href":"https:\/\/turra.com.pt\/pt\/wp-json\/wp\/v2\/pages\/232","targetHints":{"allow":["GET"]}}],"collection":[{"href":"https:\/\/turra.com.pt\/pt\/wp-json\/wp\/v2\/pages"}],"about":[{"href":"https:\/\/turra.com.pt\/pt\/wp-json\/wp\/v2\/types\/page"}],"author":[{"embeddable":true,"href":"https:\/\/turra.com.pt\/pt\/wp-json\/wp\/v2\/users\/1"}],"replies":[{"embeddable":true,"href":"https:\/\/turra.com.pt\/pt\/wp-json\/wp\/v2\/comments?post=232"}],"version-history":[{"count":106,"href":"https:\/\/turra.com.pt\/pt\/wp-json\/wp\/v2\/pages\/232\/revisions"}],"predecessor-version":[{"id":1086,"href":"https:\/\/turra.com.pt\/pt\/wp-json\/wp\/v2\/pages\/232\/revisions\/1086"}],"wp:attachment":[{"href":"https:\/\/turra.com.pt\/pt\/wp-json\/wp\/v2\/media?parent=232"}],"curies":[{"name":"wp","href":"https:\/\/api.w.org\/{rel}","templated":true}]}}