{"id":126,"date":"2021-01-14T17:10:44","date_gmt":"2021-01-14T17:10:44","guid":{"rendered":"https:\/\/turra.com.pt\/?page_id=126"},"modified":"2021-03-23T18:21:15","modified_gmt":"2021-03-23T18:21:15","slug":"historia","status":"publish","type":"page","link":"https:\/\/turra.com.pt\/pt\/historia\/","title":{"rendered":"The Winemaker"},"content":{"rendered":"\t\t<div data-elementor-type=\"wp-page\" data-elementor-id=\"126\" class=\"elementor elementor-126\">\n\t\t\t\t\t\t<section class=\"elementor-section elementor-top-section elementor-element elementor-element-ccba723 elementor-section-content-middle elementor-section-stretched elementor-section-boxed elementor-section-height-default elementor-section-height-default\" data-id=\"ccba723\" data-element_type=\"section\" data-settings=\"{&quot;background_background&quot;:&quot;classic&quot;,&quot;stretch_section&quot;:&quot;section-stretched&quot;}\">\n\t\t\t\t\t\t\t<div class=\"elementor-background-overlay\"><\/div>\n\t\t\t\t\t\t\t<div class=\"elementor-container elementor-column-gap-no\">\n\t\t\t\t\t<div class=\"aux-parallax-section elementor-column elementor-col-100 elementor-top-column elementor-element elementor-element-913b4d0\" data-id=\"913b4d0\" data-element_type=\"column\" data-settings=\"{&quot;background_background&quot;:&quot;classic&quot;}\">\n\t\t\t<div class=\"elementor-widget-wrap elementor-element-populated\">\n\t\t\t\t\t\t<section class=\"elementor-section elementor-inner-section elementor-element elementor-element-ebfa004 elementor-section-boxed elementor-section-height-default elementor-section-height-default\" data-id=\"ebfa004\" data-element_type=\"section\">\n\t\t\t\t\t\t<div class=\"elementor-container elementor-column-gap-default\">\n\t\t\t\t\t<div class=\"aux-parallax-section elementor-column elementor-col-50 elementor-inner-column elementor-element elementor-element-bf5f892\" data-id=\"bf5f892\" data-element_type=\"column\" data-settings=\"{&quot;background_background&quot;:&quot;classic&quot;}\">\n\t\t\t<div class=\"elementor-widget-wrap elementor-element-populated\">\n\t\t\t\t\t\t<div class=\"elementor-element elementor-element-ca2d6bc elementor-widget elementor-widget-heading\" data-id=\"ca2d6bc\" data-element_type=\"widget\" data-widget_type=\"heading.default\">\n\t\t\t\t<div class=\"elementor-widget-container\">\n\t\t\t\t\t<h2 class=\"elementor-heading-title elementor-size-default\">EN\u00d3LOGO<\/h2>\t\t\t\t<\/div>\n\t\t\t\t<\/div>\n\t\t\t\t<div class=\"elementor-element elementor-element-2f709f3 elementor-widget elementor-widget-text-editor\" data-id=\"2f709f3\" data-element_type=\"widget\" data-widget_type=\"text-editor.default\">\n\t\t\t\t<div class=\"elementor-widget-container\">\n\t\t\t\t\t\t\t\t\tApaixonado pelo seu trabalho, Constantino Ramos representa a nova gera\u00e7\u00e3o de En\u00f3logos portugueses. A trabalhar h\u00e1 mais de 7 anos com a maior refer\u00eancia nacional dos vinhos verdes \u2013 Anselmo Mendes \u2013 foi capaz de absorver o seu talento \u00fanico para reinventar a regi\u00e3o e a forma como os vinhos t\u00eam vindo a ser feitos.\nGraduado em Enologia pela UTAD, trabalhou na regi\u00e3o do Douro, D\u00e3o e conta ainda com uma experi\u00eancia internacional no Chile.\t\t\t\t\t\t\t\t<\/div>\n\t\t\t\t<\/div>\n\t\t\t\t\t<\/div>\n\t\t<\/div>\n\t\t\t\t<div class=\"aux-parallax-section elementor-column elementor-col-50 elementor-inner-column elementor-element elementor-element-6241f42\" data-id=\"6241f42\" data-element_type=\"column\" data-settings=\"{&quot;background_background&quot;:&quot;classic&quot;}\">\n\t\t\t<div class=\"elementor-widget-wrap\">\n\t\t\t\t\t\t\t<\/div>\n\t\t<\/div>\n\t\t\t\t\t<\/div>\n\t\t<\/section>\n\t\t\t\t<section class=\"elementor-section elementor-inner-section elementor-element elementor-element-5b7da5b elementor-section-boxed elementor-section-height-default elementor-section-height-default\" data-id=\"5b7da5b\" data-element_type=\"section\">\n\t\t\t\t\t\t<div class=\"elementor-container elementor-column-gap-default\">\n\t\t\t\t\t<div class=\"aux-parallax-section elementor-column elementor-col-100 elementor-inner-column elementor-element elementor-element-cb5f6be\" data-id=\"cb5f6be\" data-element_type=\"column\">\n\t\t\t<div class=\"elementor-widget-wrap\">\n\t\t\t\t\t\t\t<\/div>\n\t\t<\/div>\n\t\t\t\t\t<\/div>\n\t\t<\/section>\n\t\t\t\t\t<\/div>\n\t\t<\/div>\n\t\t\t\t\t<\/div>\n\t\t<\/section>\n\t\t\t\t<\/div>\n\t\t","protected":false},"excerpt":{"rendered":"<p>EN\u00d3LOGO Apaixonado pelo seu trabalho, Constantino Ramos representa a nova gera\u00e7\u00e3o de En\u00f3logos portugueses. A trabalhar h\u00e1 mais de 7 anos com a maior refer\u00eancia nacional dos vinhos verdes \u2013 Anselmo Mendes \u2013 foi capaz de absorver o seu talento \u00fanico para reinventar a regi\u00e3o e a forma como os vinhos t\u00eam vindo a ser [&hellip;]<\/p>\n","protected":false},"author":1,"featured_media":0,"parent":0,"menu_order":0,"comment_status":"closed","ping_status":"closed","template":"","meta":{"footnotes":""},"class_list":["post-126","page","type-page","status-publish","hentry"],"_links":{"self":[{"href":"https:\/\/turra.com.pt\/pt\/wp-json\/wp\/v2\/pages\/126","targetHints":{"allow":["GET"]}}],"collection":[{"href":"https:\/\/turra.com.pt\/pt\/wp-json\/wp\/v2\/pages"}],"about":[{"href":"https:\/\/turra.com.pt\/pt\/wp-json\/wp\/v2\/types\/page"}],"author":[{"embeddable":true,"href":"https:\/\/turra.com.pt\/pt\/wp-json\/wp\/v2\/users\/1"}],"replies":[{"embeddable":true,"href":"https:\/\/turra.com.pt\/pt\/wp-json\/wp\/v2\/comments?post=126"}],"version-history":[{"count":62,"href":"https:\/\/turra.com.pt\/pt\/wp-json\/wp\/v2\/pages\/126\/revisions"}],"predecessor-version":[{"id":999,"href":"https:\/\/turra.com.pt\/pt\/wp-json\/wp\/v2\/pages\/126\/revisions\/999"}],"wp:attachment":[{"href":"https:\/\/turra.com.pt\/pt\/wp-json\/wp\/v2\/media?parent=126"}],"curies":[{"name":"wp","href":"https:\/\/api.w.org\/{rel}","templated":true}]}}