{"id":232,"date":"2021-01-18T15:00:44","date_gmt":"2021-01-18T15:00:44","guid":{"rendered":"https:\/\/turra.com.pt\/?page_id=232"},"modified":"2021-04-14T06:45:32","modified_gmt":"2021-04-14T06:45:32","slug":"regiao","status":"publish","type":"page","link":"https:\/\/turra.com.pt\/en\/regiao\/","title":{"rendered":"Region"},"content":{"rendered":"<div data-elementor-type=\"wp-page\" data-elementor-id=\"232\" class=\"elementor elementor-232\">\n\t\t\t\t\t\t<section class=\"elementor-section elementor-top-section elementor-element elementor-element-b5e20dd elementor-section-content-middle elementor-section-stretched elementor-section-boxed elementor-section-height-default elementor-section-height-default\" data-id=\"b5e20dd\" data-element_type=\"section\" data-settings=\"{&quot;background_background&quot;:&quot;classic&quot;,&quot;stretch_section&quot;:&quot;section-stretched&quot;}\">\n\t\t\t\t\t\t\t<div class=\"elementor-background-overlay\"><\/div>\n\t\t\t\t\t\t\t<div class=\"elementor-container elementor-column-gap-no\">\n\t\t\t\t\t<div class=\"aux-parallax-section elementor-column elementor-col-100 elementor-top-column elementor-element elementor-element-3bd7cfd\" data-id=\"3bd7cfd\" data-element_type=\"column\">\n\t\t\t<div class=\"elementor-widget-wrap elementor-element-populated\">\n\t\t\t\t\t\t<section class=\"elementor-section elementor-inner-section elementor-element elementor-element-882574f elementor-section-boxed elementor-section-height-default elementor-section-height-default\" data-id=\"882574f\" data-element_type=\"section\">\n\t\t\t\t\t\t<div class=\"elementor-container elementor-column-gap-default\">\n\t\t\t\t\t<div class=\"aux-parallax-section elementor-column elementor-col-50 elementor-inner-column elementor-element elementor-element-4395d28\" data-id=\"4395d28\" data-element_type=\"column\" data-settings=\"{&quot;background_background&quot;:&quot;classic&quot;}\">\n\t\t\t<div class=\"elementor-widget-wrap elementor-element-populated\">\n\t\t\t\t\t\t<div class=\"elementor-element elementor-element-2f3f236 elementor-widget elementor-widget-heading\" data-id=\"2f3f236\" data-element_type=\"widget\" data-widget_type=\"heading.default\">\n\t\t\t\t<div class=\"elementor-widget-container\">\n\t\t\t\t\t<h2 class=\"elementor-heading-title elementor-size-default\">Region<\/h2>\t\t\t\t<\/div>\n\t\t\t\t<\/div>\n\t\t\t\t<div class=\"elementor-element elementor-element-5c0ddb4 elementor-widget elementor-widget-text-editor\" data-id=\"5c0ddb4\" data-element_type=\"widget\" data-widget_type=\"text-editor.default\">\n\t\t\t\t<div class=\"elementor-widget-container\">\n\t\t\t\t\t\t\t\t\tThe earliest known references to Vinho Verde wine came from the philosopher Romans Seneca, the naturalist Pliny and from Dominican legislation, dating from 96-51 BC. The northwest of Portugal, the most populated heartland since the Middle Ages, saw its dense population spread out across the ridges of a particularly uneven landscape. From the 12th century on, there are a number of references to the cultivation of vines, which was boosted by initiatives of religious bodies as well as the Portuguese Crown. Viticulture remained in its infancy until the 12th and 13th centuries, at which point it became an important part of the customs of the people of the Entre-Douro-e-Minho region. Demographic and economic expansion, increased commercialization of agriculture and the growing circulation of currency meant that wine became an important and indispensable source of income. Although exports were very limited, we know from history that the Vinhos Verdes were the first Portuguese wines to be sent to European markets (England, Flanders and Germany), particularly those from the Mon\u00e7\u00e3o and Melga\u00e7o and Ribeira de Lima regions. At the beginning of the twentieth century, there was a focus on quality and regulating the production and trading of Vinho Verde. The Legal Charter of September 18, 1908 and the Decree of October 1, 1908 demarcated the Vinho Verde Region for the very first time.\t\t\t\t\t\t\t\t<\/div>\n\t\t\t\t<\/div>\n\t\t\t\t\t<\/div>\n\t\t<\/div>\n\t\t\t\t<div class=\"aux-parallax-section elementor-column elementor-col-50 elementor-inner-column elementor-element elementor-element-4b87036\" data-id=\"4b87036\" data-element_type=\"column\">\n\t\t\t<div class=\"elementor-widget-wrap elementor-element-populated\">\n\t\t\t\t\t\t<div class=\"elementor-element elementor-element-1dfc164 elementor-widget elementor-widget-image\" data-id=\"1dfc164\" data-element_type=\"widget\" data-widget_type=\"image.default\">\n\t\t\t\t<div class=\"elementor-widget-container\">\n\t\t\t\t\t\t\t\t\t\t\t\t\t\t\t<img fetchpriority=\"high\" decoding=\"async\" width=\"537\" height=\"571\" src=\"https:\/\/turra.com.pt\/wp-content\/uploads\/2021\/03\/map1-2.png\" class=\"attachment-large size-large wp-image-1083\" alt=\"\" srcset=\"https:\/\/turra.com.pt\/wp-content\/uploads\/2021\/03\/map1-2.png 826w, https:\/\/turra.com.pt\/wp-content\/uploads\/2021\/03\/map1-2-10x12.png 10w\" sizes=\"(max-width: 537px) 100vw, 537px\" \/>\t\t\t\t\t\t\t\t\t\t\t\t\t\t\t<\/div>\n\t\t\t\t<\/div>\n\t\t\t\t\t<\/div>\n\t\t<\/div>\n\t\t\t\t\t<\/div>\n\t\t<\/section>\n\t\t\t\t<section class=\"elementor-section elementor-inner-section elementor-element elementor-element-cc52895 elementor-section-boxed elementor-section-height-default elementor-section-height-default\" data-id=\"cc52895\" data-element_type=\"section\">\n\t\t\t\t\t\t<div class=\"elementor-container elementor-column-gap-default\">\n\t\t\t\t\t<div class=\"aux-parallax-section elementor-column elementor-col-100 elementor-inner-column elementor-element elementor-element-d18f225\" data-id=\"d18f225\" data-element_type=\"column\">\n\t\t\t<div class=\"elementor-widget-wrap elementor-element-populated\">\n\t\t\t\t\t\t<div class=\"elementor-element elementor-element-cde211d elementor-widget elementor-widget-heading\" data-id=\"cde211d\" data-element_type=\"widget\" data-widget_type=\"heading.default\">\n\t\t\t\t<div class=\"elementor-widget-container\">\n\t\t\t\t\t<h2 class=\"elementor-heading-title elementor-size-default\">Sub Region of Basto<\/h2>\t\t\t\t<\/div>\n\t\t\t\t<\/div>\n\t\t\t\t<div class=\"elementor-element elementor-element-ffc31a4 elementor-widget elementor-widget-text-editor\" data-id=\"ffc31a4\" data-element_type=\"widget\" data-widget_type=\"text-editor.default\">\n\t\t\t\t<div class=\"elementor-widget-container\">\n\t\t\t\t\t\t\t\t\tThe Basto subregion is found in the most inland part of the Region. Its altitude is high and has protection against the sea winds. The climate is harsher, with a cold and very wet winter and a particularly hot and dry summer, favoring grape varieties that mature late such as Azal (white), Espadeiro and Rabo-de-Anho (red). Apart from the Lima valley, the Basto subregion has the highest rainfall. The Azal grape variety reaches its maximum potential here and allows very special wines to be produced, with a lemon and green apple aroma, and a very crisp flavour. There is also a considerable amount of red Vinho Verde produced.\t\t\t\t\t\t\t\t<\/div>\n\t\t\t\t<\/div>\n\t\t\t\t\t<\/div>\n\t\t<\/div>\n\t\t\t\t\t<\/div>\n\t\t<\/section>\n\t\t\t\t<div class=\"elementor-element elementor-element-333a1bf elementor-widget elementor-widget-image\" data-id=\"333a1bf\" data-element_type=\"widget\" data-widget_type=\"image.default\">\n\t\t\t\t<div class=\"elementor-widget-container\">\n\t\t\t\t\t\t\t\t\t\t\t\t\t\t\t<img decoding=\"async\" width=\"1\" height=\"1\" src=\"https:\/\/turra.com.pt\/wp-content\/uploads\/2020\/08\/Group-11.svg\" class=\"attachment-large size-large wp-image-8\" alt=\"\" \/>\t\t\t\t\t\t\t\t\t\t\t\t\t\t\t<\/div>\n\t\t\t\t<\/div>\n\t\t\t\t\t<\/div>\n\t\t<\/div>\n\t\t\t\t\t<\/div>\n\t\t<\/section>\n\t\t\t\t<\/div>","protected":false},"excerpt":{"rendered":"<p>Regi\u00e3o As mais antigas refer\u00eancias hist\u00f3ricas que se conhecem da exist\u00eancia de vinho no que hoje \u00e9 a Regi\u00e3o dos Vinhos Verdes s\u00e3o dos romanos S\u00e9neca (fil\u00f3sofo) e Pl\u00ednio (naturalista) e da legisla\u00e7\u00e3o de Dominiciano, nos anos 96-51 a.C.. Foi no noroeste, no cora\u00e7\u00e3o mais povoado de Portugal desde os tempos da alta idade m\u00e9dia, [&hellip;]<\/p>","protected":false},"author":1,"featured_media":0,"parent":0,"menu_order":0,"comment_status":"closed","ping_status":"closed","template":"","meta":{"footnotes":""},"class_list":["post-232","page","type-page","status-publish","hentry"],"_links":{"self":[{"href":"https:\/\/turra.com.pt\/en\/wp-json\/wp\/v2\/pages\/232","targetHints":{"allow":["GET"]}}],"collection":[{"href":"https:\/\/turra.com.pt\/en\/wp-json\/wp\/v2\/pages"}],"about":[{"href":"https:\/\/turra.com.pt\/en\/wp-json\/wp\/v2\/types\/page"}],"author":[{"embeddable":true,"href":"https:\/\/turra.com.pt\/en\/wp-json\/wp\/v2\/users\/1"}],"replies":[{"embeddable":true,"href":"https:\/\/turra.com.pt\/en\/wp-json\/wp\/v2\/comments?post=232"}],"version-history":[{"count":106,"href":"https:\/\/turra.com.pt\/en\/wp-json\/wp\/v2\/pages\/232\/revisions"}],"predecessor-version":[{"id":1086,"href":"https:\/\/turra.com.pt\/en\/wp-json\/wp\/v2\/pages\/232\/revisions\/1086"}],"wp:attachment":[{"href":"https:\/\/turra.com.pt\/en\/wp-json\/wp\/v2\/media?parent=232"}],"curies":[{"name":"wp","href":"https:\/\/api.w.org\/{rel}","templated":true}]}}